{"id":620,"date":"2017-02-01T10:54:44","date_gmt":"2017-02-01T10:54:44","guid":{"rendered":"http:\/\/dummy.xtemos.com\/basel\/vers\/?page_id=620"},"modified":"2019-12-11T00:18:36","modified_gmt":"2019-12-11T00:18:36","slug":"empresa","status":"publish","type":"page","link":"https:\/\/carboagricola.com\/index.php\/empresa\/","title":{"rendered":"Empresa"},"content":{"rendered":"<p>[vc_row full_width=\u00bbstretch_row\u00bb css=\u00bb.vc_custom_1576015712123{padding-top: 10vh !important;background-color: #f3eee6 !important;background-position: center !important;background-repeat: no-repeat !important;background-size: cover !important;}\u00bb][vc_column width=\u00bb2\/3&#8243; offset=\u00bbvc_col-md-offset-3 vc_col-md-6 vc_col-sm-offset-2&#8243; css=\u00bb.vc_custom_1497353517465{padding-top: 0px !important;}\u00bb]<div class=\"title-wrapper  basel-title-color-primary basel-title-style-simple basel-title-size-extra-large text-center vc_custom_1576015769662\"><div class=\"liner-continer\"> <span class=\"left-line\"><\/span> <h4 class=\"title\" >Empresa<span class=\"title-separator\"><span><\/span><\/span><\/h4> <span class=\"right-line\"><\/span> <\/div><span class=\"title-after_title\">Conoce Carboagricola<\/span><\/div>[\/vc_column][vc_column css=\u00bb.vc_custom_1496739018735{padding-top: 0px !important;}\u00bb][vc_row_inner][vc_column_inner offset=\u00bbvc_col-md-6 vc_col-xs-12&#8243; css=\u00bb.vc_custom_1497360853739{margin-bottom: 4vh !important;}\u00bb][vc_column_text]<iframe loading=\"lazy\" src=\"https:\/\/www.youtube.com\/embed\/0fYL_qiDYf0\" width=\"560\" height=\"315\" frameborder=\"0\" allowfullscreen=\"allowfullscreen\"><\/iframe>[\/vc_column_text][\/vc_column_inner][vc_column_inner offset=\u00bbvc_col-md-1 vc_hidden-sm vc_hidden-xs\u00bb][\/vc_column_inner][vc_column_inner css=\u00bb.vc_custom_1521626717305{margin-bottom: 4vh !important;}\u00bb offset=\u00bbvc_col-md-5 vc_col-xs-12&#8243;]\t\t\t<div class=\" basel-info-box2 text-left icon-alignment-left box-style-base color-scheme-dark  \" onclick=\"\">\n\t\t\t\t\t\t\t\t\t<div class=\"box-icon-wrapper\">\n\t\t\t\t\t\t<div class=\"info-box-icon\">\n\t\t\t\t\t\t\t\t\t\t\t\t\t\t\t\t\t\t\t\t\t\t\t\t\t\t<div class=\"info-svg-wrapper\" style=\"width: 80px;height: 80px;\"><\/div>\t\t\t\t\t\t\t\t\t\t\t\t\t\t<\/div>\n\t\t\t\t\t<\/div>\n\t\t\t\t\t\t\t\t<div class=\"info-box-content\">\n\t\t\t\t\t<div class=\"info-box-inner\">\n\t\t\t\t\t\t<\/p>\n<h4><strong>Carboagr\u00edcola<\/strong><\/h4>\n<p>Somos una empresa especializada en Colombia en venta de le\u00f1a fabricaci\u00f3n natural y directamente. Carb\u00f3n, bioetanol, iniciadores de fuego, ventas al detal y al por mayor.<\/p>\n<p>Entregamos a DOMICILIO entre 2 y 4 horas en Bogot\u00e1 y alrededores de Lunes a Sabado de 8AM a 8PM y despachamos a Todo el Pa\u00eds.<\/p>\n\t\t\t\t\t<\/div>\n\t\t\t\t<\/div>\n\t\t\t<\/div>\n\t\t[\/vc_column_inner][\/vc_row_inner][\/vc_column][\/vc_row]<\/p>\n","protected":false},"excerpt":{"rendered":"<p>[vc_row full_width=\u00bbstretch_row\u00bb css=\u00bb.vc_custom_1576015712123{padding-top: 10vh !important;background-color: #f3eee6 !important;background-position: center !important;background-repeat: no-repeat !important;background-size: cover !important;}\u00bb][vc_column width=\u00bb2\/3&#8243; offset=\u00bbvc_col-md-offset-3 vc_col-md-6 vc_col-sm-offset-2&#8243; css=\u00bb.vc_custom_1497353517465{padding-top: 0px !important;}\u00bb][\/vc_column][vc_column<\/p>\n","protected":false},"author":1,"featured_media":0,"parent":0,"menu_order":0,"comment_status":"closed","ping_status":"closed","template":"","meta":{"footnotes":""},"yoast_head":"<!-- This site is optimized with the Yoast SEO plugin v22.5 - https:\/\/yoast.com\/wordpress\/plugins\/seo\/ -->\n<title>Empresa - Carbo Agr\u00edcola Colombia<\/title>\n<meta name=\"robots\" content=\"index, follow, max-snippet:-1, max-image-preview:large, max-video-preview:-1\" \/>\n<link rel=\"canonical\" href=\"https:\/\/carboagricola.com\/index.php\/empresa\/\" \/>\n<meta property=\"og:locale\" content=\"es_ES\" \/>\n<meta property=\"og:type\" content=\"article\" \/>\n<meta property=\"og:title\" content=\"Empresa - Carbo Agr\u00edcola Colombia\" \/>\n<meta property=\"og:description\" content=\"[vc_row full_width=\u00bbstretch_row\u00bb css=\u00bb.vc_custom_1576015712123{padding-top: 10vh !important;background-color: #f3eee6 !important;background-position: center !important;background-repeat: no-repeat !important;background-size: cover !important;}\u00bb][vc_column width=\u00bb2\/3&#8243; offset=\u00bbvc_col-md-offset-3 vc_col-md-6 vc_col-sm-offset-2&#8243; css=\u00bb.vc_custom_1497353517465{padding-top: 0px !important;}\u00bb][\/vc_column][vc_column\" \/>\n<meta property=\"og:url\" content=\"https:\/\/carboagricola.com\/index.php\/empresa\/\" \/>\n<meta property=\"og:site_name\" content=\"Carbo Agr\u00edcola Colombia\" \/>\n<meta property=\"article:modified_time\" content=\"2019-12-11T00:18:36+00:00\" \/>\n<meta name=\"twitter:card\" content=\"summary_large_image\" \/>\n<meta name=\"twitter:label1\" content=\"Tiempo de lectura\" \/>\n\t<meta name=\"twitter:data1\" content=\"1 minuto\" \/>\n<script type=\"application\/ld+json\" class=\"yoast-schema-graph\">{\"@context\":\"https:\/\/schema.org\",\"@graph\":[{\"@type\":\"WebPage\",\"@id\":\"https:\/\/carboagricola.com\/index.php\/empresa\/\",\"url\":\"https:\/\/carboagricola.com\/index.php\/empresa\/\",\"name\":\"Empresa - Carbo Agr\u00edcola Colombia\",\"isPartOf\":{\"@id\":\"https:\/\/carboagricola.com\/#website\"},\"datePublished\":\"2017-02-01T10:54:44+00:00\",\"dateModified\":\"2019-12-11T00:18:36+00:00\",\"breadcrumb\":{\"@id\":\"https:\/\/carboagricola.com\/index.php\/empresa\/#breadcrumb\"},\"inLanguage\":\"es\",\"potentialAction\":[{\"@type\":\"ReadAction\",\"target\":[\"https:\/\/carboagricola.com\/index.php\/empresa\/\"]}]},{\"@type\":\"BreadcrumbList\",\"@id\":\"https:\/\/carboagricola.com\/index.php\/empresa\/#breadcrumb\",\"itemListElement\":[{\"@type\":\"ListItem\",\"position\":1,\"name\":\"Portada\",\"item\":\"https:\/\/carboagricola.com\/\"},{\"@type\":\"ListItem\",\"position\":2,\"name\":\"Empresa\"}]},{\"@type\":\"WebSite\",\"@id\":\"https:\/\/carboagricola.com\/#website\",\"url\":\"https:\/\/carboagricola.com\/\",\"name\":\"Carbo Agr\u00edcola Colombia\",\"description\":\"\",\"potentialAction\":[{\"@type\":\"SearchAction\",\"target\":{\"@type\":\"EntryPoint\",\"urlTemplate\":\"https:\/\/carboagricola.com\/?s={search_term_string}\"},\"query-input\":\"required name=search_term_string\"}],\"inLanguage\":\"es\"}]}<\/script>\n<!-- \/ Yoast SEO plugin. -->","yoast_head_json":{"title":"Empresa - Carbo Agr\u00edcola Colombia","robots":{"index":"index","follow":"follow","max-snippet":"max-snippet:-1","max-image-preview":"max-image-preview:large","max-video-preview":"max-video-preview:-1"},"canonical":"https:\/\/carboagricola.com\/index.php\/empresa\/","og_locale":"es_ES","og_type":"article","og_title":"Empresa - Carbo Agr\u00edcola Colombia","og_description":"[vc_row full_width=\u00bbstretch_row\u00bb css=\u00bb.vc_custom_1576015712123{padding-top: 10vh !important;background-color: #f3eee6 !important;background-position: center !important;background-repeat: no-repeat !important;background-size: cover !important;}\u00bb][vc_column width=\u00bb2\/3&#8243; offset=\u00bbvc_col-md-offset-3 vc_col-md-6 vc_col-sm-offset-2&#8243; css=\u00bb.vc_custom_1497353517465{padding-top: 0px !important;}\u00bb][\/vc_column][vc_column","og_url":"https:\/\/carboagricola.com\/index.php\/empresa\/","og_site_name":"Carbo Agr\u00edcola Colombia","article_modified_time":"2019-12-11T00:18:36+00:00","twitter_card":"summary_large_image","twitter_misc":{"Tiempo de lectura":"1 minuto"},"schema":{"@context":"https:\/\/schema.org","@graph":[{"@type":"WebPage","@id":"https:\/\/carboagricola.com\/index.php\/empresa\/","url":"https:\/\/carboagricola.com\/index.php\/empresa\/","name":"Empresa - Carbo Agr\u00edcola Colombia","isPartOf":{"@id":"https:\/\/carboagricola.com\/#website"},"datePublished":"2017-02-01T10:54:44+00:00","dateModified":"2019-12-11T00:18:36+00:00","breadcrumb":{"@id":"https:\/\/carboagricola.com\/index.php\/empresa\/#breadcrumb"},"inLanguage":"es","potentialAction":[{"@type":"ReadAction","target":["https:\/\/carboagricola.com\/index.php\/empresa\/"]}]},{"@type":"BreadcrumbList","@id":"https:\/\/carboagricola.com\/index.php\/empresa\/#breadcrumb","itemListElement":[{"@type":"ListItem","position":1,"name":"Portada","item":"https:\/\/carboagricola.com\/"},{"@type":"ListItem","position":2,"name":"Empresa"}]},{"@type":"WebSite","@id":"https:\/\/carboagricola.com\/#website","url":"https:\/\/carboagricola.com\/","name":"Carbo Agr\u00edcola Colombia","description":"","potentialAction":[{"@type":"SearchAction","target":{"@type":"EntryPoint","urlTemplate":"https:\/\/carboagricola.com\/?s={search_term_string}"},"query-input":"required name=search_term_string"}],"inLanguage":"es"}]}},"_links":{"self":[{"href":"https:\/\/carboagricola.com\/index.php\/wp-json\/wp\/v2\/pages\/620"}],"collection":[{"href":"https:\/\/carboagricola.com\/index.php\/wp-json\/wp\/v2\/pages"}],"about":[{"href":"https:\/\/carboagricola.com\/index.php\/wp-json\/wp\/v2\/types\/page"}],"author":[{"embeddable":true,"href":"https:\/\/carboagricola.com\/index.php\/wp-json\/wp\/v2\/users\/1"}],"replies":[{"embeddable":true,"href":"https:\/\/carboagricola.com\/index.php\/wp-json\/wp\/v2\/comments?post=620"}],"version-history":[{"count":6,"href":"https:\/\/carboagricola.com\/index.php\/wp-json\/wp\/v2\/pages\/620\/revisions"}],"predecessor-version":[{"id":3392,"href":"https:\/\/carboagricola.com\/index.php\/wp-json\/wp\/v2\/pages\/620\/revisions\/3392"}],"wp:attachment":[{"href":"https:\/\/carboagricola.com\/index.php\/wp-json\/wp\/v2\/media?parent=620"}],"curies":[{"name":"wp","href":"https:\/\/api.w.org\/{rel}","templated":true}]}}