{"id":3338,"date":"2019-12-10T22:23:10","date_gmt":"2019-12-10T22:23:10","guid":{"rendered":"https:\/\/carboagricola.com\/?post_type=product&#038;p=3338"},"modified":"2019-12-10T22:24:43","modified_gmt":"2019-12-10T22:24:43","slug":"carbon-vegetal-para-restaurante-por-mayor","status":"publish","type":"product","link":"https:\/\/carboagricola.com\/index.php\/producto\/carbon-vegetal-para-restaurante-por-mayor\/","title":{"rendered":"Carb\u00f3n Vegetal para Restaurante por mayor"},"content":{"rendered":"<table width=\"100%\">\n<tbody>\n<tr>\n<td width=\"15%\"><strong>Encendido:<\/strong>\u00a0Medio<\/td>\n<\/tr>\n<tr>\n<td width=\"15%\"><strong>Duraci\u00f3n:<\/strong>\u00a0alta<\/td>\n<\/tr>\n<tr>\n<td width=\"15%\"><strong>Peso:<\/strong>\u00a023 kg aprox.<\/td>\n<\/tr>\n<\/tbody>\n<\/table>\n","protected":false},"excerpt":{"rendered":"<ul>\n<li>Trozos seleccionados de carb\u00f3n vegetal empacados en bulto para restaurantes, clubes y hoteles<\/li>\n<li>Usos: asado, barbecue, parrilla, chimenea<\/li>\n<li>Precio por Bulto, desde 11 Bultos.<\/li>\n<\/ul>\n<h3><img loading=\"lazy\" decoding=\"async\" class=\"alignnone wp-image-3337 size-thumbnail\" src=\"https:\/\/carboagricola.com\/wp-content\/uploads\/2019\/12\/camion-de-reparto-150x150.png\" alt=\"\" width=\"150\" height=\"150\" srcset=\"https:\/\/carboagricola.com\/wp-content\/uploads\/2019\/12\/camion-de-reparto-150x150.png 150w, https:\/\/carboagricola.com\/wp-content\/uploads\/2019\/12\/camion-de-reparto-300x300.png 300w, https:\/\/carboagricola.com\/wp-content\/uploads\/2019\/12\/camion-de-reparto-100x100.png 100w, https:\/\/carboagricola.com\/wp-content\/uploads\/2019\/12\/camion-de-reparto.png 512w\" sizes=\"(max-width: 150px) 100vw, 150px\" \/> Env\u00edos a Bogot\u00e1 y alrededores<\/h3>\n","protected":false},"featured_media":2783,"comment_status":"open","ping_status":"closed","template":"","meta":[],"product_cat":[133],"product_tag":[167],"yoast_head":"<!-- This site is optimized with the Yoast SEO plugin v22.5 - https:\/\/yoast.com\/wordpress\/plugins\/seo\/ -->\n<title>Carb\u00f3n Vegetal para Restaurante por mayor - Carbo Agr\u00edcola Colombia<\/title>\n<meta name=\"robots\" content=\"index, follow, max-snippet:-1, max-image-preview:large, max-video-preview:-1\" \/>\n<link rel=\"canonical\" href=\"https:\/\/carboagricola.com\/index.php\/producto\/carbon-vegetal-para-restaurante-por-mayor\/\" \/>\n<meta property=\"og:locale\" content=\"es_ES\" \/>\n<meta property=\"og:type\" content=\"article\" \/>\n<meta property=\"og:title\" content=\"Carb\u00f3n Vegetal para Restaurante por mayor - Carbo Agr\u00edcola Colombia\" \/>\n<meta property=\"og:description\" content=\"Trozos seleccionados de carb\u00f3n vegetal empacados en bulto para restaurantes, clubes y hoteles  Usos: asado, barbecue, parrilla, chimenea  Precio por Bulto, desde 11 Bultos.   Env\u00edos a Bogot\u00e1 y alrededores\" \/>\n<meta property=\"og:url\" content=\"https:\/\/carboagricola.com\/index.php\/producto\/carbon-vegetal-para-restaurante-por-mayor\/\" \/>\n<meta property=\"og:site_name\" content=\"Carbo Agr\u00edcola Colombia\" \/>\n<meta property=\"article:modified_time\" content=\"2019-12-10T22:24:43+00:00\" \/>\n<meta property=\"og:image\" content=\"https:\/\/carboagricola.com\/wp-content\/uploads\/2019\/11\/carbon.png\" \/>\n\t<meta property=\"og:image:width\" content=\"900\" \/>\n\t<meta property=\"og:image:height\" content=\"560\" \/>\n\t<meta property=\"og:image:type\" content=\"image\/png\" \/>\n<meta name=\"twitter:card\" content=\"summary_large_image\" \/>\n<script type=\"application\/ld+json\" class=\"yoast-schema-graph\">{\"@context\":\"https:\/\/schema.org\",\"@graph\":[{\"@type\":\"WebPage\",\"@id\":\"https:\/\/carboagricola.com\/index.php\/producto\/carbon-vegetal-para-restaurante-por-mayor\/\",\"url\":\"https:\/\/carboagricola.com\/index.php\/producto\/carbon-vegetal-para-restaurante-por-mayor\/\",\"name\":\"Carb\u00f3n Vegetal para Restaurante por mayor - Carbo Agr\u00edcola Colombia\",\"isPartOf\":{\"@id\":\"https:\/\/carboagricola.com\/#website\"},\"primaryImageOfPage\":{\"@id\":\"https:\/\/carboagricola.com\/index.php\/producto\/carbon-vegetal-para-restaurante-por-mayor\/#primaryimage\"},\"image\":{\"@id\":\"https:\/\/carboagricola.com\/index.php\/producto\/carbon-vegetal-para-restaurante-por-mayor\/#primaryimage\"},\"thumbnailUrl\":\"https:\/\/carboagricola.com\/wp-content\/uploads\/2019\/11\/carbon.png\",\"datePublished\":\"2019-12-10T22:23:10+00:00\",\"dateModified\":\"2019-12-10T22:24:43+00:00\",\"breadcrumb\":{\"@id\":\"https:\/\/carboagricola.com\/index.php\/producto\/carbon-vegetal-para-restaurante-por-mayor\/#breadcrumb\"},\"inLanguage\":\"es\",\"potentialAction\":[{\"@type\":\"ReadAction\",\"target\":[\"https:\/\/carboagricola.com\/index.php\/producto\/carbon-vegetal-para-restaurante-por-mayor\/\"]}]},{\"@type\":\"ImageObject\",\"inLanguage\":\"es\",\"@id\":\"https:\/\/carboagricola.com\/index.php\/producto\/carbon-vegetal-para-restaurante-por-mayor\/#primaryimage\",\"url\":\"https:\/\/carboagricola.com\/wp-content\/uploads\/2019\/11\/carbon.png\",\"contentUrl\":\"https:\/\/carboagricola.com\/wp-content\/uploads\/2019\/11\/carbon.png\",\"width\":900,\"height\":560},{\"@type\":\"BreadcrumbList\",\"@id\":\"https:\/\/carboagricola.com\/index.php\/producto\/carbon-vegetal-para-restaurante-por-mayor\/#breadcrumb\",\"itemListElement\":[{\"@type\":\"ListItem\",\"position\":1,\"name\":\"Portada\",\"item\":\"https:\/\/carboagricola.com\/\"},{\"@type\":\"ListItem\",\"position\":2,\"name\":\"Tienda\",\"item\":\"https:\/\/carboagricola.com\/index.php\/tienda\/\"},{\"@type\":\"ListItem\",\"position\":3,\"name\":\"Carb\u00f3n Vegetal para Restaurante por mayor\"}]},{\"@type\":\"WebSite\",\"@id\":\"https:\/\/carboagricola.com\/#website\",\"url\":\"https:\/\/carboagricola.com\/\",\"name\":\"Carbo Agr\u00edcola Colombia\",\"description\":\"\",\"potentialAction\":[{\"@type\":\"SearchAction\",\"target\":{\"@type\":\"EntryPoint\",\"urlTemplate\":\"https:\/\/carboagricola.com\/?s={search_term_string}\"},\"query-input\":\"required name=search_term_string\"}],\"inLanguage\":\"es\"}]}<\/script>\n<!-- \/ Yoast SEO plugin. -->","yoast_head_json":{"title":"Carb\u00f3n Vegetal para Restaurante por mayor - Carbo Agr\u00edcola Colombia","robots":{"index":"index","follow":"follow","max-snippet":"max-snippet:-1","max-image-preview":"max-image-preview:large","max-video-preview":"max-video-preview:-1"},"canonical":"https:\/\/carboagricola.com\/index.php\/producto\/carbon-vegetal-para-restaurante-por-mayor\/","og_locale":"es_ES","og_type":"article","og_title":"Carb\u00f3n Vegetal para Restaurante por mayor - Carbo Agr\u00edcola Colombia","og_description":"Trozos seleccionados de carb\u00f3n vegetal empacados en bulto para restaurantes, clubes y hoteles  Usos: asado, barbecue, parrilla, chimenea  Precio por Bulto, desde 11 Bultos.   Env\u00edos a Bogot\u00e1 y alrededores","og_url":"https:\/\/carboagricola.com\/index.php\/producto\/carbon-vegetal-para-restaurante-por-mayor\/","og_site_name":"Carbo Agr\u00edcola Colombia","article_modified_time":"2019-12-10T22:24:43+00:00","og_image":[{"width":900,"height":560,"url":"https:\/\/carboagricola.com\/wp-content\/uploads\/2019\/11\/carbon.png","type":"image\/png"}],"twitter_card":"summary_large_image","schema":{"@context":"https:\/\/schema.org","@graph":[{"@type":"WebPage","@id":"https:\/\/carboagricola.com\/index.php\/producto\/carbon-vegetal-para-restaurante-por-mayor\/","url":"https:\/\/carboagricola.com\/index.php\/producto\/carbon-vegetal-para-restaurante-por-mayor\/","name":"Carb\u00f3n Vegetal para Restaurante por mayor - Carbo Agr\u00edcola Colombia","isPartOf":{"@id":"https:\/\/carboagricola.com\/#website"},"primaryImageOfPage":{"@id":"https:\/\/carboagricola.com\/index.php\/producto\/carbon-vegetal-para-restaurante-por-mayor\/#primaryimage"},"image":{"@id":"https:\/\/carboagricola.com\/index.php\/producto\/carbon-vegetal-para-restaurante-por-mayor\/#primaryimage"},"thumbnailUrl":"https:\/\/carboagricola.com\/wp-content\/uploads\/2019\/11\/carbon.png","datePublished":"2019-12-10T22:23:10+00:00","dateModified":"2019-12-10T22:24:43+00:00","breadcrumb":{"@id":"https:\/\/carboagricola.com\/index.php\/producto\/carbon-vegetal-para-restaurante-por-mayor\/#breadcrumb"},"inLanguage":"es","potentialAction":[{"@type":"ReadAction","target":["https:\/\/carboagricola.com\/index.php\/producto\/carbon-vegetal-para-restaurante-por-mayor\/"]}]},{"@type":"ImageObject","inLanguage":"es","@id":"https:\/\/carboagricola.com\/index.php\/producto\/carbon-vegetal-para-restaurante-por-mayor\/#primaryimage","url":"https:\/\/carboagricola.com\/wp-content\/uploads\/2019\/11\/carbon.png","contentUrl":"https:\/\/carboagricola.com\/wp-content\/uploads\/2019\/11\/carbon.png","width":900,"height":560},{"@type":"BreadcrumbList","@id":"https:\/\/carboagricola.com\/index.php\/producto\/carbon-vegetal-para-restaurante-por-mayor\/#breadcrumb","itemListElement":[{"@type":"ListItem","position":1,"name":"Portada","item":"https:\/\/carboagricola.com\/"},{"@type":"ListItem","position":2,"name":"Tienda","item":"https:\/\/carboagricola.com\/index.php\/tienda\/"},{"@type":"ListItem","position":3,"name":"Carb\u00f3n Vegetal para Restaurante por mayor"}]},{"@type":"WebSite","@id":"https:\/\/carboagricola.com\/#website","url":"https:\/\/carboagricola.com\/","name":"Carbo Agr\u00edcola Colombia","description":"","potentialAction":[{"@type":"SearchAction","target":{"@type":"EntryPoint","urlTemplate":"https:\/\/carboagricola.com\/?s={search_term_string}"},"query-input":"required name=search_term_string"}],"inLanguage":"es"}]}},"_links":{"self":[{"href":"https:\/\/carboagricola.com\/index.php\/wp-json\/wp\/v2\/product\/3338"}],"collection":[{"href":"https:\/\/carboagricola.com\/index.php\/wp-json\/wp\/v2\/product"}],"about":[{"href":"https:\/\/carboagricola.com\/index.php\/wp-json\/wp\/v2\/types\/product"}],"replies":[{"embeddable":true,"href":"https:\/\/carboagricola.com\/index.php\/wp-json\/wp\/v2\/comments?post=3338"}],"wp:featuredmedia":[{"embeddable":true,"href":"https:\/\/carboagricola.com\/index.php\/wp-json\/wp\/v2\/media\/2783"}],"wp:attachment":[{"href":"https:\/\/carboagricola.com\/index.php\/wp-json\/wp\/v2\/media?parent=3338"}],"wp:term":[{"taxonomy":"product_cat","embeddable":true,"href":"https:\/\/carboagricola.com\/index.php\/wp-json\/wp\/v2\/product_cat?post=3338"},{"taxonomy":"product_tag","embeddable":true,"href":"https:\/\/carboagricola.com\/index.php\/wp-json\/wp\/v2\/product_tag?post=3338"}],"curies":[{"name":"wp","href":"https:\/\/api.w.org\/{rel}","templated":true}]}}