{"id":3346,"date":"2019-12-10T22:34:25","date_gmt":"2019-12-10T22:34:25","guid":{"rendered":"https:\/\/carboagricola.com\/?post_type=product&#038;p=3346"},"modified":"2024-10-01T11:11:44","modified_gmt":"2024-10-01T11:11:44","slug":"lenos-redondos-x-5-unidades","status":"publish","type":"product","link":"https:\/\/carboagricola.com\/index.php\/producto\/lenos-redondos-x-5-unidades\/","title":{"rendered":"Le\u00f1os Redondos x 5 unidades"},"content":{"rendered":"<table width=\"100%\">\n<tbody>\n<tr>\n<td width=\"12%\"><strong>Largo:<\/strong>\u00a040 cm aprox<\/td>\n<\/tr>\n<\/tbody>\n<\/table>\n<table width=\"100%\">\n<tbody>\n<tr>\n<td width=\"12%\"><strong>Encendido:<\/strong>\u00a0variable seg\u00fan grosor y madera<\/td>\n<\/tr>\n<tr>\n<td width=\"12%\"><strong>Duraci\u00f3n:<\/strong>\u00a0alta (variable)<\/td>\n<\/tr>\n<tr>\n<td width=\"12%\"><strong>Peso:<\/strong>\u00a06 kg aprox<\/td>\n<\/tr>\n<\/tbody>\n<\/table>\n","protected":false},"excerpt":{"rendered":"<ul>\n<li>Le\u00f1os decorativos para quemar y cocinar.<\/li>\n<li>Para decorar, realizar asados o fogatas.<\/li>\n<li><strong>Usos:<\/strong> decoraci\u00f3n, chimenea, fogata, BBQ, parrilla, horno.<\/li>\n<\/ul>\n<h3><img loading=\"lazy\" decoding=\"async\" class=\"alignnone wp-image-3337 size-thumbnail\" src=\"https:\/\/carboagricola.com\/wp-content\/uploads\/2019\/12\/camion-de-reparto-150x150.png\" alt=\"\" width=\"150\" height=\"150\" srcset=\"https:\/\/carboagricola.com\/wp-content\/uploads\/2019\/12\/camion-de-reparto-150x150.png 150w, https:\/\/carboagricola.com\/wp-content\/uploads\/2019\/12\/camion-de-reparto-300x300.png 300w, https:\/\/carboagricola.com\/wp-content\/uploads\/2019\/12\/camion-de-reparto-100x100.png 100w, https:\/\/carboagricola.com\/wp-content\/uploads\/2019\/12\/camion-de-reparto.png 512w\" sizes=\"(max-width: 150px) 100vw, 150px\" \/> Env\u00edos a Bogot\u00e1 y alrededores<\/h3>\n","protected":false},"featured_media":3351,"comment_status":"open","ping_status":"closed","template":"","meta":[],"product_cat":[163,164],"product_tag":[169],"yoast_head":"<!-- This site is optimized with the Yoast SEO plugin v22.5 - https:\/\/yoast.com\/wordpress\/plugins\/seo\/ -->\n<title>Le\u00f1os Redondos x 5 unidades - Carbo Agr\u00edcola Colombia<\/title>\n<meta name=\"robots\" content=\"index, follow, max-snippet:-1, max-image-preview:large, max-video-preview:-1\" \/>\n<link rel=\"canonical\" href=\"https:\/\/carboagricola.com\/index.php\/producto\/lenos-redondos-x-5-unidades\/\" \/>\n<meta property=\"og:locale\" content=\"es_ES\" \/>\n<meta property=\"og:type\" content=\"article\" \/>\n<meta property=\"og:title\" content=\"Le\u00f1os Redondos x 5 unidades - Carbo Agr\u00edcola Colombia\" \/>\n<meta property=\"og:description\" content=\"Le\u00f1os decorativos para quemar y cocinar.  Para decorar, realizar asados o fogatas.  Usos: decoraci\u00f3n, chimenea, fogata, BBQ, parrilla, horno.   Env\u00edos a Bogot\u00e1 y alrededores\" \/>\n<meta property=\"og:url\" content=\"https:\/\/carboagricola.com\/index.php\/producto\/lenos-redondos-x-5-unidades\/\" \/>\n<meta property=\"og:site_name\" content=\"Carbo Agr\u00edcola Colombia\" \/>\n<meta property=\"article:modified_time\" content=\"2024-10-01T11:11:44+00:00\" \/>\n<meta property=\"og:image\" content=\"https:\/\/carboagricola.com\/wp-content\/uploads\/2019\/12\/le\u00f1os.png\" \/>\n\t<meta property=\"og:image:width\" content=\"640\" \/>\n\t<meta property=\"og:image:height\" content=\"411\" \/>\n\t<meta property=\"og:image:type\" content=\"image\/png\" \/>\n<meta name=\"twitter:card\" content=\"summary_large_image\" \/>\n<script type=\"application\/ld+json\" class=\"yoast-schema-graph\">{\"@context\":\"https:\/\/schema.org\",\"@graph\":[{\"@type\":\"WebPage\",\"@id\":\"https:\/\/carboagricola.com\/index.php\/producto\/lenos-redondos-x-5-unidades\/\",\"url\":\"https:\/\/carboagricola.com\/index.php\/producto\/lenos-redondos-x-5-unidades\/\",\"name\":\"Le\u00f1os Redondos x 5 unidades - Carbo Agr\u00edcola Colombia\",\"isPartOf\":{\"@id\":\"https:\/\/carboagricola.com\/#website\"},\"primaryImageOfPage\":{\"@id\":\"https:\/\/carboagricola.com\/index.php\/producto\/lenos-redondos-x-5-unidades\/#primaryimage\"},\"image\":{\"@id\":\"https:\/\/carboagricola.com\/index.php\/producto\/lenos-redondos-x-5-unidades\/#primaryimage\"},\"thumbnailUrl\":\"https:\/\/carboagricola.com\/wp-content\/uploads\/2019\/12\/le\u00f1os.png\",\"datePublished\":\"2019-12-10T22:34:25+00:00\",\"dateModified\":\"2024-10-01T11:11:44+00:00\",\"breadcrumb\":{\"@id\":\"https:\/\/carboagricola.com\/index.php\/producto\/lenos-redondos-x-5-unidades\/#breadcrumb\"},\"inLanguage\":\"es\",\"potentialAction\":[{\"@type\":\"ReadAction\",\"target\":[\"https:\/\/carboagricola.com\/index.php\/producto\/lenos-redondos-x-5-unidades\/\"]}]},{\"@type\":\"ImageObject\",\"inLanguage\":\"es\",\"@id\":\"https:\/\/carboagricola.com\/index.php\/producto\/lenos-redondos-x-5-unidades\/#primaryimage\",\"url\":\"https:\/\/carboagricola.com\/wp-content\/uploads\/2019\/12\/le\u00f1os.png\",\"contentUrl\":\"https:\/\/carboagricola.com\/wp-content\/uploads\/2019\/12\/le\u00f1os.png\",\"width\":640,\"height\":411},{\"@type\":\"BreadcrumbList\",\"@id\":\"https:\/\/carboagricola.com\/index.php\/producto\/lenos-redondos-x-5-unidades\/#breadcrumb\",\"itemListElement\":[{\"@type\":\"ListItem\",\"position\":1,\"name\":\"Portada\",\"item\":\"https:\/\/carboagricola.com\/\"},{\"@type\":\"ListItem\",\"position\":2,\"name\":\"Tienda\",\"item\":\"https:\/\/carboagricola.com\/index.php\/tienda\/\"},{\"@type\":\"ListItem\",\"position\":3,\"name\":\"Le\u00f1os Redondos x 5 unidades\"}]},{\"@type\":\"WebSite\",\"@id\":\"https:\/\/carboagricola.com\/#website\",\"url\":\"https:\/\/carboagricola.com\/\",\"name\":\"Carbo Agr\u00edcola Colombia\",\"description\":\"\",\"potentialAction\":[{\"@type\":\"SearchAction\",\"target\":{\"@type\":\"EntryPoint\",\"urlTemplate\":\"https:\/\/carboagricola.com\/?s={search_term_string}\"},\"query-input\":\"required name=search_term_string\"}],\"inLanguage\":\"es\"}]}<\/script>\n<!-- \/ Yoast SEO plugin. -->","yoast_head_json":{"title":"Le\u00f1os Redondos x 5 unidades - Carbo Agr\u00edcola Colombia","robots":{"index":"index","follow":"follow","max-snippet":"max-snippet:-1","max-image-preview":"max-image-preview:large","max-video-preview":"max-video-preview:-1"},"canonical":"https:\/\/carboagricola.com\/index.php\/producto\/lenos-redondos-x-5-unidades\/","og_locale":"es_ES","og_type":"article","og_title":"Le\u00f1os Redondos x 5 unidades - Carbo Agr\u00edcola Colombia","og_description":"Le\u00f1os decorativos para quemar y cocinar.  Para decorar, realizar asados o fogatas.  Usos: decoraci\u00f3n, chimenea, fogata, BBQ, parrilla, horno.   Env\u00edos a Bogot\u00e1 y alrededores","og_url":"https:\/\/carboagricola.com\/index.php\/producto\/lenos-redondos-x-5-unidades\/","og_site_name":"Carbo Agr\u00edcola Colombia","article_modified_time":"2024-10-01T11:11:44+00:00","og_image":[{"width":640,"height":411,"url":"https:\/\/carboagricola.com\/wp-content\/uploads\/2019\/12\/le\u00f1os.png","type":"image\/png"}],"twitter_card":"summary_large_image","schema":{"@context":"https:\/\/schema.org","@graph":[{"@type":"WebPage","@id":"https:\/\/carboagricola.com\/index.php\/producto\/lenos-redondos-x-5-unidades\/","url":"https:\/\/carboagricola.com\/index.php\/producto\/lenos-redondos-x-5-unidades\/","name":"Le\u00f1os Redondos x 5 unidades - Carbo Agr\u00edcola Colombia","isPartOf":{"@id":"https:\/\/carboagricola.com\/#website"},"primaryImageOfPage":{"@id":"https:\/\/carboagricola.com\/index.php\/producto\/lenos-redondos-x-5-unidades\/#primaryimage"},"image":{"@id":"https:\/\/carboagricola.com\/index.php\/producto\/lenos-redondos-x-5-unidades\/#primaryimage"},"thumbnailUrl":"https:\/\/carboagricola.com\/wp-content\/uploads\/2019\/12\/le\u00f1os.png","datePublished":"2019-12-10T22:34:25+00:00","dateModified":"2024-10-01T11:11:44+00:00","breadcrumb":{"@id":"https:\/\/carboagricola.com\/index.php\/producto\/lenos-redondos-x-5-unidades\/#breadcrumb"},"inLanguage":"es","potentialAction":[{"@type":"ReadAction","target":["https:\/\/carboagricola.com\/index.php\/producto\/lenos-redondos-x-5-unidades\/"]}]},{"@type":"ImageObject","inLanguage":"es","@id":"https:\/\/carboagricola.com\/index.php\/producto\/lenos-redondos-x-5-unidades\/#primaryimage","url":"https:\/\/carboagricola.com\/wp-content\/uploads\/2019\/12\/le\u00f1os.png","contentUrl":"https:\/\/carboagricola.com\/wp-content\/uploads\/2019\/12\/le\u00f1os.png","width":640,"height":411},{"@type":"BreadcrumbList","@id":"https:\/\/carboagricola.com\/index.php\/producto\/lenos-redondos-x-5-unidades\/#breadcrumb","itemListElement":[{"@type":"ListItem","position":1,"name":"Portada","item":"https:\/\/carboagricola.com\/"},{"@type":"ListItem","position":2,"name":"Tienda","item":"https:\/\/carboagricola.com\/index.php\/tienda\/"},{"@type":"ListItem","position":3,"name":"Le\u00f1os Redondos x 5 unidades"}]},{"@type":"WebSite","@id":"https:\/\/carboagricola.com\/#website","url":"https:\/\/carboagricola.com\/","name":"Carbo Agr\u00edcola Colombia","description":"","potentialAction":[{"@type":"SearchAction","target":{"@type":"EntryPoint","urlTemplate":"https:\/\/carboagricola.com\/?s={search_term_string}"},"query-input":"required name=search_term_string"}],"inLanguage":"es"}]}},"_links":{"self":[{"href":"https:\/\/carboagricola.com\/index.php\/wp-json\/wp\/v2\/product\/3346"}],"collection":[{"href":"https:\/\/carboagricola.com\/index.php\/wp-json\/wp\/v2\/product"}],"about":[{"href":"https:\/\/carboagricola.com\/index.php\/wp-json\/wp\/v2\/types\/product"}],"replies":[{"embeddable":true,"href":"https:\/\/carboagricola.com\/index.php\/wp-json\/wp\/v2\/comments?post=3346"}],"wp:featuredmedia":[{"embeddable":true,"href":"https:\/\/carboagricola.com\/index.php\/wp-json\/wp\/v2\/media\/3351"}],"wp:attachment":[{"href":"https:\/\/carboagricola.com\/index.php\/wp-json\/wp\/v2\/media?parent=3346"}],"wp:term":[{"taxonomy":"product_cat","embeddable":true,"href":"https:\/\/carboagricola.com\/index.php\/wp-json\/wp\/v2\/product_cat?post=3346"},{"taxonomy":"product_tag","embeddable":true,"href":"https:\/\/carboagricola.com\/index.php\/wp-json\/wp\/v2\/product_tag?post=3346"}],"curies":[{"name":"wp","href":"https:\/\/api.w.org\/{rel}","templated":true}]}}